{"id":9,"date":"2018-02-08T17:22:08","date_gmt":"2018-02-08T17:22:08","guid":{"rendered":"http:\/\/calaqua.ciimar.up.pt\/?page_id=9"},"modified":"2020-01-09T15:31:40","modified_gmt":"2020-01-09T15:31:40","slug":"aboute","status":"publish","type":"page","link":"https:\/\/calaqua.ciimar.up.pt\/","title":{"rendered":"Sobre"},"content":{"rendered":"<h3><strong>Laboratory Aquatic Animal Science Course\u00a0\u00a0\u00a0\u00a0\u00a0\u00a0 <\/strong><strong>CAL-AQUA<br \/>\n<\/strong><\/h3>\n<p>The use of animals for scientific purposes requires a certification by the \u201cDire\u00e7\u00e3o Geral de Alimenta\u00e7\u00e3o e Veterin\u00e1ria (DGAV)\u201d, the only competent authority in Portugal for that purpose, in accordance with the current legislation. For that, researcher must submit to DGAV a proof of education in <strong>Laboratory Animal Sciences<\/strong>, as the<strong> diploma of CAL-AQUA course<\/strong>.<\/p>\n<p>Cal-Aqua is one of the few <strong>Laboratory Animal Science Course<\/strong> in the European Union specifically designed for the use of aquatic animals as experimental models, with particular emphasis on aquatic vertebrates (fish and amphibians) and cephalopods.<\/p>\n<p>The objective of the CAL-AQUA course is to enable researchers to use aquatic animals as experimental models. The completion of Cal-Aqua will allow the certification as Research Technician to perform animal experimentation, according to Article 31\u00ba (2-a,c and d) of Decree-Law 113\/2013, formerly known as &#8220;FELASA B Category&#8221;.<\/p>\n<p>Cal-Aqua\u2019s program is in accordance with the criteria established by the DGAV and the Federation of European Laboratory Animal Science (FELASA) for courses in Laboratory Animals Sciences.<\/p>\n<p align=\"justify\">A Comiss\u00e3o Organizadora,<\/p>\n<p align=\"justify\">Helena Peres<\/p>\n","protected":false},"excerpt":{"rendered":"<p>Laboratory Aquatic Animal Science Course\u00a0\u00a0\u00a0\u00a0\u00a0\u00a0 CAL-AQUA The use of animals for scientific purposes requires a certification by the \u201cDire\u00e7\u00e3o Geral de Alimenta\u00e7\u00e3o e Veterin\u00e1ria (DGAV)\u201d, the only competent authority in Portugal for that purpose, in accordance with the current legislation. For that, researcher must submit to DGAV a proof of education in Laboratory Animal Sciences, &hellip; <\/p>\n<p class=\"link-more\"><a href=\"https:\/\/calaqua.ciimar.up.pt\/\" class=\"more-link\">Continue reading<span class=\"screen-reader-text\"> &#8220;Sobre&#8221;<\/span><\/a><\/p>\n","protected":false},"author":5,"featured_media":0,"parent":0,"menu_order":2,"comment_status":"closed","ping_status":"closed","template":"","meta":{"footnotes":""},"class_list":["post-9","page","type-page","status-publish","hentry"],"_links":{"self":[{"href":"https:\/\/calaqua.ciimar.up.pt\/index.php?rest_route=\/wp\/v2\/pages\/9","targetHints":{"allow":["GET"]}}],"collection":[{"href":"https:\/\/calaqua.ciimar.up.pt\/index.php?rest_route=\/wp\/v2\/pages"}],"about":[{"href":"https:\/\/calaqua.ciimar.up.pt\/index.php?rest_route=\/wp\/v2\/types\/page"}],"author":[{"embeddable":true,"href":"https:\/\/calaqua.ciimar.up.pt\/index.php?rest_route=\/wp\/v2\/users\/5"}],"replies":[{"embeddable":true,"href":"https:\/\/calaqua.ciimar.up.pt\/index.php?rest_route=%2Fwp%2Fv2%2Fcomments&post=9"}],"version-history":[{"count":4,"href":"https:\/\/calaqua.ciimar.up.pt\/index.php?rest_route=\/wp\/v2\/pages\/9\/revisions"}],"predecessor-version":[{"id":114,"href":"https:\/\/calaqua.ciimar.up.pt\/index.php?rest_route=\/wp\/v2\/pages\/9\/revisions\/114"}],"wp:attachment":[{"href":"https:\/\/calaqua.ciimar.up.pt\/index.php?rest_route=%2Fwp%2Fv2%2Fmedia&parent=9"}],"curies":[{"name":"wp","href":"https:\/\/api.w.org\/{rel}","templated":true}]}}